{"id":4867,"date":"2025-02-18T21:38:25","date_gmt":"2025-02-18T20:38:25","guid":{"rendered":"https:\/\/www.kasperthomas.com\/pag_kasper\/?page_id=4867"},"modified":"2025-02-21T14:38:35","modified_gmt":"2025-02-21T13:38:35","slug":"om-mig","status":"publish","type":"page","link":"https:\/\/www.kasperthomas.com\/pag_kasper\/da\/om-mig\/","title":{"rendered":"Om mig"},"content":{"rendered":"<p>[vc_row][vc_column offset=&#8221;vc_hidden-lg vc_hidden-md&#8221;][vc_empty_space height=&#8221;80px&#8221;][\/vc_column][\/vc_row][vc_row css=&#8221;.vc_custom_1739280606057{background-image: url(https:\/\/www.kasperthomas.com\/pag_kasper\/wp-content\/uploads\/2021\/01\/Kasper_Home_1-e1739049882965.jpg?id=3505) !important;background-position: center !important;background-repeat: no-repeat !important;background-size: cover !important;}&#8221; el_id=&#8221;about&#8221;][vc_column width=&#8221;1\/2&#8243; animate=&#8221;fadeindown&#8221; offset=&#8221;vc_col-xs-12&#8243;][vc_empty_space height=&#8221;70px&#8221;]\t\n\n\t<div class=\"center-y\">\t\t\n\t\t\t\t    <h2 class=\"style-3\">OM MIG<\/h2>\t\t\t\t\t    \n\t    \t    \t    \t\t\t\n\t<\/div>\n   \n[\/vc_column][vc_column width=&#8221;1\/2&#8243; offset=&#8221;vc_hidden-sm vc_hidden-xs&#8221;][vc_empty_space height=&#8221;600px&#8221;][\/vc_column][\/vc_row][vc_row][vc_column animate=&#8221;fadeinup&#8221;][vc_empty_space height=&#8221;50px&#8221;][vc_column_text]For en h\u00e5rkunstner er det som for alle andre kunstnere, en udfordring at blive ved med at genopfinde sig selv. Jeg har boet i forskellige dele af verden og rejst meget med min saks gennem \u00e5rene. Jeg elsker at observere andre kulturer og blive inspireret af kunstnere rundt om i verden, og jeg har samlet en masse erfaring p\u00e5 min rejse, siden jeg dimitterede fra \u201dCopenhagen West Education Center\u201d i Danmark.<\/p>\n<p>Efter at have arbejdet mine f\u00f8rste 7 \u00e5r i en salon i K\u00f8benhavn og undervist i samarbejde med Wella, havde jeg brug for forandring og besluttede at flytte til Buenos Aires for at arbejde med mode. Jeg arbejdede 3 \u00e5r i Argentina, som h\u00e5rstylist p\u00e5 catwalken og lavede kampagner med nogle af de st\u00f8rste t\u00f8jm\u00e6rker i Argentina.<\/p>\n<p>I 2014 flyttede jeg til Spanien, hvor jeg f\u00f8rst arbejdede for Sebastian Professional og Vidal Sassoon i Barcelona. Men efter et \u00e5r flyttede jeg til Madrid og begyndte at arbejde med X-presion. (X-presion er et meget alsidigt team, der for det meste er dedikeret til at udvikle nye teknikker og modetrends med innovative h\u00e5rdesigns. X-presion har ikke en salon, men rejser rundt i verden med deres uddannelsesprogrammer og shows og nyder altid at dele deres nyeste opfindelser).<\/p>\n<p>Jeg arbejdede i 6 \u00e5r som Art Director og Underviser i X-presion, men i 2021 besluttede jeg at flytte tilbage til K\u00f8benhavn, hvor jeg startede en X-presion Nordic afdeling.<\/p>\n<p>I dag (2025), arbejder jeg som freelancer under mit eget brand, hvor jeg tilbyder uddannelsesprogrammer, samt modearbejde p\u00e5 Catwalks og Produktioner. Det er ogs\u00e5 muligt at booke en eksklusiv tid hos mig, hvor jeg tilbyder normale salontjenester.[\/vc_column_text][vc_empty_space height=&#8221;50px&#8221;][\/vc_column][\/vc_row]<\/p>\n","protected":false},"excerpt":{"rendered":"<p>[vc_row][vc_column offset=&#8221;vc_hidden-lg vc_hidden-md&#8221;][vc_empty_space height=&#8221;80px&#8221;][\/vc_column][\/vc_row][vc_row css=&#8221;.vc_custom_1739280606057{background-image: url(https:\/\/www.kasperthomas.com\/pag_kasper\/wp-content\/uploads\/2021\/01\/Kasper_Home_1-e1739049882965.jpg?id=3505) !important;background-position: center !important;background-repeat: no-repeat !important;background-size: cover !important;}&#8221; el_id=&#8221;about&#8221;][vc_column width=&#8221;1\/2&#8243; animate=&#8221;fadeindown&#8221; offset=&#8221;vc_col-xs-12&#8243;][vc_empty_space height=&#8221;70px&#8221;][\/vc_column][vc_column width=&#8221;1\/2&#8243; offset=&#8221;vc_hidden-sm vc_hidden-xs&#8221;][vc_empty_space height=&#8221;600px&#8221;][\/vc_column][\/vc_row][vc_row][vc_column animate=&#8221;fadeinup&#8221;][vc_empty_space height=&#8221;50px&#8221;][vc_column_text]For en h\u00e5rkunstner er det som for alle andre kunstnere, en udfordring at blive ved med at genopfinde sig selv. Jeg har boet i forskellige dele af verden og rejst meget med [&hellip;]<\/p>\n","protected":false},"author":2,"featured_media":0,"parent":0,"menu_order":0,"comment_status":"open","ping_status":"closed","template":"page-templates\/template-fullwidth.php","meta":{"footnotes":""},"class_list":["post-4867","page","type-page","status-publish","hentry"],"yoast_head":"<!-- This site is optimized with the Yoast SEO plugin v24.9 - https:\/\/yoast.com\/wordpress\/plugins\/seo\/ -->\n<title>Om mig - Kasper Thomas<\/title>\n<meta name=\"robots\" content=\"index, follow, max-snippet:-1, max-image-preview:large, max-video-preview:-1\" \/>\n<link rel=\"canonical\" href=\"https:\/\/www.kasperthomas.com\/pag_kasper\/da\/om-mig\/\" \/>\n<meta property=\"og:locale\" content=\"en_GB\" \/>\n<meta property=\"og:type\" content=\"article\" \/>\n<meta property=\"og:title\" content=\"Om mig - Kasper Thomas\" \/>\n<meta property=\"og:description\" content=\"[vc_row][vc_column offset=&#8221;vc_hidden-lg vc_hidden-md&#8221;][vc_empty_space height=&#8221;80px&#8221;][\/vc_column][\/vc_row][vc_row css=&#8221;.vc_custom_1739280606057{background-image: url(https:\/\/www.kasperthomas.com\/pag_kasper\/wp-content\/uploads\/2021\/01\/Kasper_Home_1-e1739049882965.jpg?id=3505) !important;background-position: center !important;background-repeat: no-repeat !important;background-size: cover !important;}&#8221; el_id=&#8221;about&#8221;][vc_column width=&#8221;1\/2&#8243; animate=&#8221;fadeindown&#8221; offset=&#8221;vc_col-xs-12&#8243;][vc_empty_space height=&#8221;70px&#8221;][\/vc_column][vc_column width=&#8221;1\/2&#8243; offset=&#8221;vc_hidden-sm vc_hidden-xs&#8221;][vc_empty_space height=&#8221;600px&#8221;][\/vc_column][\/vc_row][vc_row][vc_column animate=&#8221;fadeinup&#8221;][vc_empty_space height=&#8221;50px&#8221;][vc_column_text]For en h\u00e5rkunstner er det som for alle andre kunstnere, en udfordring at blive ved med at genopfinde sig selv. Jeg har boet i forskellige dele af verden og rejst meget med [&hellip;]\" \/>\n<meta property=\"og:url\" content=\"https:\/\/www.kasperthomas.com\/pag_kasper\/da\/om-mig\/\" \/>\n<meta property=\"og:site_name\" content=\"Kasper Thomas\" \/>\n<meta property=\"article:modified_time\" content=\"2025-02-21T13:38:35+00:00\" \/>\n<meta name=\"twitter:card\" content=\"summary_large_image\" \/>\n<meta name=\"twitter:label1\" content=\"Estimated reading time\" \/>\n\t<meta name=\"twitter:data1\" content=\"2 minutes\" \/>\n<script type=\"application\/ld+json\" class=\"yoast-schema-graph\">{\"@context\":\"https:\/\/schema.org\",\"@graph\":[{\"@type\":\"WebPage\",\"@id\":\"https:\/\/www.kasperthomas.com\/pag_kasper\/da\/om-mig\/\",\"url\":\"https:\/\/www.kasperthomas.com\/pag_kasper\/da\/om-mig\/\",\"name\":\"Om mig - Kasper Thomas\",\"isPartOf\":{\"@id\":\"https:\/\/www.kasperthomas.com\/pag_kasper\/#website\"},\"datePublished\":\"2025-02-18T20:38:25+00:00\",\"dateModified\":\"2025-02-21T13:38:35+00:00\",\"breadcrumb\":{\"@id\":\"https:\/\/www.kasperthomas.com\/pag_kasper\/da\/om-mig\/#breadcrumb\"},\"inLanguage\":\"en-GB\",\"potentialAction\":[{\"@type\":\"ReadAction\",\"target\":[\"https:\/\/www.kasperthomas.com\/pag_kasper\/da\/om-mig\/\"]}]},{\"@type\":\"BreadcrumbList\",\"@id\":\"https:\/\/www.kasperthomas.com\/pag_kasper\/da\/om-mig\/#breadcrumb\",\"itemListElement\":[{\"@type\":\"ListItem\",\"position\":1,\"name\":\"Front page\",\"item\":\"https:\/\/www.kasperthomas.com\/pag_kasper\/\"},{\"@type\":\"ListItem\",\"position\":2,\"name\":\"Om mig\"}]},{\"@type\":\"WebSite\",\"@id\":\"https:\/\/www.kasperthomas.com\/pag_kasper\/#website\",\"url\":\"https:\/\/www.kasperthomas.com\/pag_kasper\/\",\"name\":\"Kasper Thomas\",\"description\":\"Hair Artist\",\"publisher\":{\"@id\":\"https:\/\/www.kasperthomas.com\/pag_kasper\/#\/schema\/person\/deb932f1cd5bfc15fbe1af198992d7b3\"},\"potentialAction\":[{\"@type\":\"SearchAction\",\"target\":{\"@type\":\"EntryPoint\",\"urlTemplate\":\"https:\/\/www.kasperthomas.com\/pag_kasper\/?s={search_term_string}\"},\"query-input\":{\"@type\":\"PropertyValueSpecification\",\"valueRequired\":true,\"valueName\":\"search_term_string\"}}],\"inLanguage\":\"en-GB\"},{\"@type\":[\"Person\",\"Organization\"],\"@id\":\"https:\/\/www.kasperthomas.com\/pag_kasper\/#\/schema\/person\/deb932f1cd5bfc15fbe1af198992d7b3\",\"name\":\"Kasper Thomas\",\"image\":{\"@type\":\"ImageObject\",\"inLanguage\":\"en-GB\",\"@id\":\"https:\/\/www.kasperthomas.com\/pag_kasper\/#\/schema\/person\/image\/\",\"url\":\"https:\/\/www.kasperthomas.com\/wp-content\/uploads\/2022\/07\/logo-kasper-def-01-e1658428831643.png\",\"contentUrl\":\"https:\/\/www.kasperthomas.com\/wp-content\/uploads\/2022\/07\/logo-kasper-def-01-e1658428831643.png\",\"width\":1306,\"height\":2341,\"caption\":\"Kasper Thomas\"},\"logo\":{\"@id\":\"https:\/\/www.kasperthomas.com\/pag_kasper\/#\/schema\/person\/image\/\"}}]}<\/script>\n<!-- \/ Yoast SEO plugin. -->","yoast_head_json":{"title":"Om mig - Kasper Thomas","robots":{"index":"index","follow":"follow","max-snippet":"max-snippet:-1","max-image-preview":"max-image-preview:large","max-video-preview":"max-video-preview:-1"},"canonical":"https:\/\/www.kasperthomas.com\/pag_kasper\/da\/om-mig\/","og_locale":"en_GB","og_type":"article","og_title":"Om mig - Kasper Thomas","og_description":"[vc_row][vc_column offset=&#8221;vc_hidden-lg vc_hidden-md&#8221;][vc_empty_space height=&#8221;80px&#8221;][\/vc_column][\/vc_row][vc_row css=&#8221;.vc_custom_1739280606057{background-image: url(https:\/\/www.kasperthomas.com\/pag_kasper\/wp-content\/uploads\/2021\/01\/Kasper_Home_1-e1739049882965.jpg?id=3505) !important;background-position: center !important;background-repeat: no-repeat !important;background-size: cover !important;}&#8221; el_id=&#8221;about&#8221;][vc_column width=&#8221;1\/2&#8243; animate=&#8221;fadeindown&#8221; offset=&#8221;vc_col-xs-12&#8243;][vc_empty_space height=&#8221;70px&#8221;][\/vc_column][vc_column width=&#8221;1\/2&#8243; offset=&#8221;vc_hidden-sm vc_hidden-xs&#8221;][vc_empty_space height=&#8221;600px&#8221;][\/vc_column][\/vc_row][vc_row][vc_column animate=&#8221;fadeinup&#8221;][vc_empty_space height=&#8221;50px&#8221;][vc_column_text]For en h\u00e5rkunstner er det som for alle andre kunstnere, en udfordring at blive ved med at genopfinde sig selv. Jeg har boet i forskellige dele af verden og rejst meget med [&hellip;]","og_url":"https:\/\/www.kasperthomas.com\/pag_kasper\/da\/om-mig\/","og_site_name":"Kasper Thomas","article_modified_time":"2025-02-21T13:38:35+00:00","twitter_card":"summary_large_image","twitter_misc":{"Estimated reading time":"2 minutes"},"schema":{"@context":"https:\/\/schema.org","@graph":[{"@type":"WebPage","@id":"https:\/\/www.kasperthomas.com\/pag_kasper\/da\/om-mig\/","url":"https:\/\/www.kasperthomas.com\/pag_kasper\/da\/om-mig\/","name":"Om mig - Kasper Thomas","isPartOf":{"@id":"https:\/\/www.kasperthomas.com\/pag_kasper\/#website"},"datePublished":"2025-02-18T20:38:25+00:00","dateModified":"2025-02-21T13:38:35+00:00","breadcrumb":{"@id":"https:\/\/www.kasperthomas.com\/pag_kasper\/da\/om-mig\/#breadcrumb"},"inLanguage":"en-GB","potentialAction":[{"@type":"ReadAction","target":["https:\/\/www.kasperthomas.com\/pag_kasper\/da\/om-mig\/"]}]},{"@type":"BreadcrumbList","@id":"https:\/\/www.kasperthomas.com\/pag_kasper\/da\/om-mig\/#breadcrumb","itemListElement":[{"@type":"ListItem","position":1,"name":"Front page","item":"https:\/\/www.kasperthomas.com\/pag_kasper\/"},{"@type":"ListItem","position":2,"name":"Om mig"}]},{"@type":"WebSite","@id":"https:\/\/www.kasperthomas.com\/pag_kasper\/#website","url":"https:\/\/www.kasperthomas.com\/pag_kasper\/","name":"Kasper Thomas","description":"Hair Artist","publisher":{"@id":"https:\/\/www.kasperthomas.com\/pag_kasper\/#\/schema\/person\/deb932f1cd5bfc15fbe1af198992d7b3"},"potentialAction":[{"@type":"SearchAction","target":{"@type":"EntryPoint","urlTemplate":"https:\/\/www.kasperthomas.com\/pag_kasper\/?s={search_term_string}"},"query-input":{"@type":"PropertyValueSpecification","valueRequired":true,"valueName":"search_term_string"}}],"inLanguage":"en-GB"},{"@type":["Person","Organization"],"@id":"https:\/\/www.kasperthomas.com\/pag_kasper\/#\/schema\/person\/deb932f1cd5bfc15fbe1af198992d7b3","name":"Kasper Thomas","image":{"@type":"ImageObject","inLanguage":"en-GB","@id":"https:\/\/www.kasperthomas.com\/pag_kasper\/#\/schema\/person\/image\/","url":"https:\/\/www.kasperthomas.com\/wp-content\/uploads\/2022\/07\/logo-kasper-def-01-e1658428831643.png","contentUrl":"https:\/\/www.kasperthomas.com\/wp-content\/uploads\/2022\/07\/logo-kasper-def-01-e1658428831643.png","width":1306,"height":2341,"caption":"Kasper Thomas"},"logo":{"@id":"https:\/\/www.kasperthomas.com\/pag_kasper\/#\/schema\/person\/image\/"}}]}},"_links":{"self":[{"href":"https:\/\/www.kasperthomas.com\/pag_kasper\/wp-json\/wp\/v2\/pages\/4867","targetHints":{"allow":["GET"]}}],"collection":[{"href":"https:\/\/www.kasperthomas.com\/pag_kasper\/wp-json\/wp\/v2\/pages"}],"about":[{"href":"https:\/\/www.kasperthomas.com\/pag_kasper\/wp-json\/wp\/v2\/types\/page"}],"author":[{"embeddable":true,"href":"https:\/\/www.kasperthomas.com\/pag_kasper\/wp-json\/wp\/v2\/users\/2"}],"replies":[{"embeddable":true,"href":"https:\/\/www.kasperthomas.com\/pag_kasper\/wp-json\/wp\/v2\/comments?post=4867"}],"version-history":[{"count":7,"href":"https:\/\/www.kasperthomas.com\/pag_kasper\/wp-json\/wp\/v2\/pages\/4867\/revisions"}],"predecessor-version":[{"id":5061,"href":"https:\/\/www.kasperthomas.com\/pag_kasper\/wp-json\/wp\/v2\/pages\/4867\/revisions\/5061"}],"wp:attachment":[{"href":"https:\/\/www.kasperthomas.com\/pag_kasper\/wp-json\/wp\/v2\/media?parent=4867"}],"curies":[{"name":"wp","href":"https:\/\/api.w.org\/{rel}","templated":true}]}}